{"id":496,"date":"2023-10-15T10:07:29","date_gmt":"2023-10-15T10:07:29","guid":{"rendered":"https:\/\/thereswilli.ch\/?page_id=496"},"modified":"2026-04-09T14:08:34","modified_gmt":"2026-04-09T14:08:34","slug":"ausstellung","status":"publish","type":"page","link":"https:\/\/thereswilli.ch\/?page_id=496","title":{"rendered":"Aktuelles"},"content":{"rendered":"\n<p><strong>8. M\u00e4rz 2026<\/strong><br>Gestern war der Fr\u00fchlingsmarkt in Gams. Ich war so nerv\u00f6s vor meinem ersten, offiziellen Markttag. Zu oft bin ich wieder aufgestanden, um noch etwas bereitzulegen, damit ich es am Morgen mitnehme. (Die Karten von Theodora habe ich schlussendlich tats\u00e4chlich vergessen.)<\/p>\n\n\n\n<p>Was war das f\u00fcr ein wundervoller, sonniger, wuseliger, gespr\u00e4chiger und langer Tag.<br>Danke an alle, die bei mir gest\u00f6bert haben, f\u00fcr die Gespr\u00e4che und Ideen, f\u00fcrs vorbeikommen und Standaufpassen.<\/p>\n\n\n\n<figure class=\"wp-block-image size-full\"><img loading=\"lazy\" decoding=\"async\" width=\"880\" height=\"660\" src=\"https:\/\/thereswilli.ch\/wp-content\/uploads\/2026\/03\/Markt-Gams.jpg\" alt=\"\" class=\"wp-image-1477\" srcset=\"https:\/\/thereswilli.ch\/wp-content\/uploads\/2026\/03\/Markt-Gams.jpg 880w, https:\/\/thereswilli.ch\/wp-content\/uploads\/2026\/03\/Markt-Gams-300x225.jpg 300w, https:\/\/thereswilli.ch\/wp-content\/uploads\/2026\/03\/Markt-Gams-768x576.jpg 768w, https:\/\/thereswilli.ch\/wp-content\/uploads\/2026\/03\/Markt-Gams-600x450.jpg 600w\" sizes=\"auto, (max-width: 880px) 100vw, 880px\" \/><\/figure>\n\n\n\n<p><strong>21. November 2025<\/strong><br>Mariann Hasler hat mich f\u00fcr den St. Galler Bauer befragt. Seltsamerweise war ich vor der Befragung \u00fcberhaupt nicht nerv\u00f6s. Nur danach ist mir alles durch den Kopf gewirbelt: Was h\u00e4tte ich noch erz\u00e4hlen k\u00f6nnen? Was war Unsinn? War alles Unsinn? Kann bei meinem wirren Antworten \u00fcberhaupt was entstehen? Was habe ich nur getan?<br>Danke Mariann, du hast daraus ein wunderbares \u201eBefragt zu \u2026\u201c geschrieben.<\/p>\n\n\n\n<figure class=\"wp-block-image size-large\"><img loading=\"lazy\" decoding=\"async\" width=\"694\" height=\"1024\" src=\"https:\/\/thereswilli.ch\/wp-content\/uploads\/2025\/12\/stgallerbauer-694x1024.jpg\" alt=\"\" class=\"wp-image-1325\" srcset=\"https:\/\/thereswilli.ch\/wp-content\/uploads\/2025\/12\/stgallerbauer-694x1024.jpg 694w, https:\/\/thereswilli.ch\/wp-content\/uploads\/2025\/12\/stgallerbauer-203x300.jpg 203w, https:\/\/thereswilli.ch\/wp-content\/uploads\/2025\/12\/stgallerbauer-768x1134.jpg 768w, https:\/\/thereswilli.ch\/wp-content\/uploads\/2025\/12\/stgallerbauer-1041x1536.jpg 1041w, https:\/\/thereswilli.ch\/wp-content\/uploads\/2025\/12\/stgallerbauer-600x886.jpg 600w, https:\/\/thereswilli.ch\/wp-content\/uploads\/2025\/12\/stgallerbauer.jpg 1248w\" sizes=\"auto, (max-width: 694px) 100vw, 694px\" \/><\/figure>\n\n\n\n<p><strong>Oktober 2025<\/strong><br>Still war es. Allerdings wurde hinter den Kulissen gearbeitet und vorbereitet und nun ist es soweit. <br>Mit zwei anderen wunderbaren Frauen, haben wir ein Atelier in Grabs. Hier schreiben und zeichnen wir. Wir lachen, reden und diskutieren. Wir planen und freuen uns.<br>Und ab dem November ist das Atelier auch f\u00fcr andere Kreative offen.<\/p>\n\n\n\n<figure class=\"wp-block-gallery has-nested-images columns-default is-cropped wp-block-gallery-1 is-layout-flex wp-block-gallery-is-layout-flex\">\n<figure class=\"wp-block-image size-large\"><img loading=\"lazy\" decoding=\"async\" width=\"426\" height=\"600\" data-id=\"1188\" src=\"https:\/\/thereswilli.ch\/wp-content\/uploads\/2025\/10\/Atelierflyer1.png\" alt=\"\" class=\"wp-image-1188\" srcset=\"https:\/\/thereswilli.ch\/wp-content\/uploads\/2025\/10\/Atelierflyer1.png 426w, https:\/\/thereswilli.ch\/wp-content\/uploads\/2025\/10\/Atelierflyer1-213x300.png 213w\" sizes=\"auto, (max-width: 426px) 100vw, 426px\" \/><\/figure>\n\n\n\n<figure class=\"wp-block-image size-large\"><img loading=\"lazy\" decoding=\"async\" width=\"426\" height=\"600\" data-id=\"1189\" src=\"https:\/\/thereswilli.ch\/wp-content\/uploads\/2025\/10\/Atelierflyer2.png\" alt=\"\" class=\"wp-image-1189\" srcset=\"https:\/\/thereswilli.ch\/wp-content\/uploads\/2025\/10\/Atelierflyer2.png 426w, https:\/\/thereswilli.ch\/wp-content\/uploads\/2025\/10\/Atelierflyer2-213x300.png 213w\" sizes=\"auto, (max-width: 426px) 100vw, 426px\" \/><\/figure>\n<\/figure>\n\n\n\n<p><strong>September 2024<\/strong><br><strong>Die Ausstellung im Rathaus Sargans ist vorbei.<\/strong><br>Herzlichen Dank an alle, die meine Bilder angesehen haben. Es war mir eine grosse Freude, meine Kunst &#8220;Zuhause&#8221; zu zeigen.<\/p>\n\n\n\n<p><br><strong>Kunst im Rathaus Sargans<\/strong> 8. Juni &#8211; 12. September 2024 <\/p>\n\n\n\n<p><strong>19. Juni 2024<\/strong><br>Selber interessiert deine Kunst im Rathaus auszustellen?<br><a href=\"https:\/\/www.sargans.ch\/kultur\/25823\">klick mich f\u00fcr mehr Infos!<\/a><\/p>\n\n\n\n<p><a href=\"https:\/\/www.sargans.ch\/anlaesseaktuelles\/6102739\">Und der Link zu den Veranstaltungen in Sargans &#8211; ganz speziell zu meiner Ausstellung.<\/a><\/p>\n\n\n\n<p><strong>18. Juni 2024<\/strong><br>\u00d6ffnungszeiten im Rathaus Sargans &#8211; <a href=\"https:\/\/www.sargans.ch\/\">Link zur Webseite der Gemeinde<\/a><\/p>\n\n\n\n<ul class=\"wp-block-list\">\n<li>Mo:08.00-11.30 Uhr und<br>14.00-19.00 Uhr<\/li>\n\n\n\n<li>Di-Do:08.00-11.30 Uhr und<br>14.00-16.30 Uhr<\/li>\n\n\n\n<li>Fr:07.00-14.00 Uhr (durchgehend)<\/li>\n<\/ul>\n\n\n\n<p><strong>17. Juni 2024<\/strong><br>Hier noch die Ank\u00fcndigung f\u00fcr die Vernissage und der Zeitungsbericht im Sarganserl\u00e4nder.<br>Derselbe Artikel in der Pr\u00e4ttiauer-Zeitung: <a href=\"https:\/\/www.vilan24.ch\/articles\/254036-herzerwaermende-und-farbenfrohe-vernissage-in-sargans\">Herzerw\u00e4rmende und farbenfrohe Vernissage in Sargans | Kultur (vilan24.ch)<\/a><\/p>\n\n\n\n<figure class=\"wp-block-image size-large\"><img loading=\"lazy\" decoding=\"async\" width=\"1024\" height=\"859\" src=\"https:\/\/thereswilli.ch\/wp-content\/uploads\/2024\/06\/Bericht-Ankuendigung-Sargans-1-1024x859.png\" alt=\"\" class=\"wp-image-608\" srcset=\"https:\/\/thereswilli.ch\/wp-content\/uploads\/2024\/06\/Bericht-Ankuendigung-Sargans-1-1024x859.png 1024w, https:\/\/thereswilli.ch\/wp-content\/uploads\/2024\/06\/Bericht-Ankuendigung-Sargans-1-300x252.png 300w, https:\/\/thereswilli.ch\/wp-content\/uploads\/2024\/06\/Bericht-Ankuendigung-Sargans-1-768x644.png 768w, https:\/\/thereswilli.ch\/wp-content\/uploads\/2024\/06\/Bericht-Ankuendigung-Sargans-1-600x503.png 600w, https:\/\/thereswilli.ch\/wp-content\/uploads\/2024\/06\/Bericht-Ankuendigung-Sargans-1.png 1043w\" sizes=\"auto, (max-width: 1024px) 100vw, 1024px\" \/><\/figure>\n\n\n\n<figure class=\"wp-block-gallery has-nested-images columns-default is-cropped wp-block-gallery-2 is-layout-flex wp-block-gallery-is-layout-flex\">\n<figure class=\"wp-block-image size-large\"><img loading=\"lazy\" decoding=\"async\" width=\"765\" height=\"1024\" data-id=\"606\" src=\"https:\/\/thereswilli.ch\/wp-content\/uploads\/2024\/06\/Bericht-Vernissage-Sargans-765x1024.jpg\" alt=\"\" class=\"wp-image-606\" srcset=\"https:\/\/thereswilli.ch\/wp-content\/uploads\/2024\/06\/Bericht-Vernissage-Sargans-765x1024.jpg 765w, https:\/\/thereswilli.ch\/wp-content\/uploads\/2024\/06\/Bericht-Vernissage-Sargans-224x300.jpg 224w, https:\/\/thereswilli.ch\/wp-content\/uploads\/2024\/06\/Bericht-Vernissage-Sargans-768x1028.jpg 768w, https:\/\/thereswilli.ch\/wp-content\/uploads\/2024\/06\/Bericht-Vernissage-Sargans-1148x1536.jpg 1148w, https:\/\/thereswilli.ch\/wp-content\/uploads\/2024\/06\/Bericht-Vernissage-Sargans-1320x1767.jpg 1320w, https:\/\/thereswilli.ch\/wp-content\/uploads\/2024\/06\/Bericht-Vernissage-Sargans-600x803.jpg 600w, https:\/\/thereswilli.ch\/wp-content\/uploads\/2024\/06\/Bericht-Vernissage-Sargans.jpg 1530w\" sizes=\"auto, (max-width: 765px) 100vw, 765px\" \/><\/figure>\n<\/figure>\n\n\n\n<p><strong>12. Juni 2024<\/strong><br>Die Vernissage ist vorbei &#8211; jetzt beginnt die Ausstellung. ^_^<\/p>\n\n\n\n<figure class=\"wp-block-gallery has-nested-images columns-default is-cropped wp-block-gallery-3 is-layout-flex wp-block-gallery-is-layout-flex\">\n<figure class=\"wp-block-image size-large\"><img loading=\"lazy\" decoding=\"async\" width=\"576\" height=\"1024\" data-id=\"601\" src=\"https:\/\/thereswilli.ch\/wp-content\/uploads\/2024\/06\/2-576x1024.jpg\" alt=\"\" class=\"wp-image-601\" srcset=\"https:\/\/thereswilli.ch\/wp-content\/uploads\/2024\/06\/2-576x1024.jpg 576w, https:\/\/thereswilli.ch\/wp-content\/uploads\/2024\/06\/2-169x300.jpg 169w, https:\/\/thereswilli.ch\/wp-content\/uploads\/2024\/06\/2-768x1365.jpg 768w, https:\/\/thereswilli.ch\/wp-content\/uploads\/2024\/06\/2-864x1536.jpg 864w, https:\/\/thereswilli.ch\/wp-content\/uploads\/2024\/06\/2-600x1067.jpg 600w, https:\/\/thereswilli.ch\/wp-content\/uploads\/2024\/06\/2.jpg 1080w\" sizes=\"auto, (max-width: 576px) 100vw, 576px\" \/><\/figure>\n\n\n\n<figure class=\"wp-block-image size-large\"><img loading=\"lazy\" decoding=\"async\" width=\"576\" height=\"1024\" data-id=\"602\" src=\"https:\/\/thereswilli.ch\/wp-content\/uploads\/2024\/06\/3-576x1024.jpg\" alt=\"\" class=\"wp-image-602\" srcset=\"https:\/\/thereswilli.ch\/wp-content\/uploads\/2024\/06\/3-576x1024.jpg 576w, https:\/\/thereswilli.ch\/wp-content\/uploads\/2024\/06\/3-169x300.jpg 169w, https:\/\/thereswilli.ch\/wp-content\/uploads\/2024\/06\/3-768x1365.jpg 768w, https:\/\/thereswilli.ch\/wp-content\/uploads\/2024\/06\/3-864x1536.jpg 864w, https:\/\/thereswilli.ch\/wp-content\/uploads\/2024\/06\/3-600x1067.jpg 600w, https:\/\/thereswilli.ch\/wp-content\/uploads\/2024\/06\/3.jpg 1080w\" sizes=\"auto, (max-width: 576px) 100vw, 576px\" \/><\/figure>\n\n\n\n<figure class=\"wp-block-image size-large\"><img loading=\"lazy\" decoding=\"async\" width=\"1080\" height=\"1920\" data-id=\"604\" src=\"https:\/\/thereswilli.ch\/wp-content\/uploads\/2024\/06\/4-576x1024.jpg\" alt=\"\" class=\"wp-image-604\" srcset=\"https:\/\/thereswilli.ch\/wp-content\/uploads\/2024\/06\/4-576x1024.jpg 576w, https:\/\/thereswilli.ch\/wp-content\/uploads\/2024\/06\/4-169x300.jpg 169w, https:\/\/thereswilli.ch\/wp-content\/uploads\/2024\/06\/4-768x1365.jpg 768w, https:\/\/thereswilli.ch\/wp-content\/uploads\/2024\/06\/4-864x1536.jpg 864w, https:\/\/thereswilli.ch\/wp-content\/uploads\/2024\/06\/4-600x1067.jpg 600w, https:\/\/thereswilli.ch\/wp-content\/uploads\/2024\/06\/4.jpg 1080w\" sizes=\"auto, (max-width: 1080px) 100vw, 1080px\" \/><\/figure>\n\n\n\n<figure class=\"wp-block-image size-large\"><img loading=\"lazy\" decoding=\"async\" width=\"576\" height=\"1024\" data-id=\"603\" src=\"https:\/\/thereswilli.ch\/wp-content\/uploads\/2024\/06\/5-576x1024.jpg\" alt=\"\" class=\"wp-image-603\" srcset=\"https:\/\/thereswilli.ch\/wp-content\/uploads\/2024\/06\/5-576x1024.jpg 576w, https:\/\/thereswilli.ch\/wp-content\/uploads\/2024\/06\/5-169x300.jpg 169w, https:\/\/thereswilli.ch\/wp-content\/uploads\/2024\/06\/5-768x1365.jpg 768w, https:\/\/thereswilli.ch\/wp-content\/uploads\/2024\/06\/5-864x1536.jpg 864w, https:\/\/thereswilli.ch\/wp-content\/uploads\/2024\/06\/5-600x1067.jpg 600w, https:\/\/thereswilli.ch\/wp-content\/uploads\/2024\/06\/5.jpg 1080w\" sizes=\"auto, (max-width: 576px) 100vw, 576px\" \/><\/figure>\n\n\n\n<figure class=\"wp-block-image size-large\"><img loading=\"lazy\" decoding=\"async\" width=\"576\" height=\"1024\" data-id=\"605\" src=\"https:\/\/thereswilli.ch\/wp-content\/uploads\/2024\/06\/1-576x1024.jpg\" alt=\"\" class=\"wp-image-605\" srcset=\"https:\/\/thereswilli.ch\/wp-content\/uploads\/2024\/06\/1-576x1024.jpg 576w, https:\/\/thereswilli.ch\/wp-content\/uploads\/2024\/06\/1-169x300.jpg 169w, https:\/\/thereswilli.ch\/wp-content\/uploads\/2024\/06\/1-768x1365.jpg 768w, https:\/\/thereswilli.ch\/wp-content\/uploads\/2024\/06\/1-864x1536.jpg 864w, https:\/\/thereswilli.ch\/wp-content\/uploads\/2024\/06\/1-600x1067.jpg 600w, https:\/\/thereswilli.ch\/wp-content\/uploads\/2024\/06\/1.jpg 1080w\" sizes=\"auto, (max-width: 576px) 100vw, 576px\" \/><\/figure>\n<\/figure>\n\n\n\n<p><strong>19. Mai 2024<br><\/strong>Am Samstag, den 8. Juni 2024, \u00f6ffne ich die T\u00fcren zu meiner Ausstellung \u201cMein Sargans\u201d.<\/p>\n\n\n\n<p>Diese Vernissage erinnert an einige unvergessliche Momente meiner Kindheit. Ich pr\u00e4sentiere Dir eine Sammlung von Werken, die Sargans so darstellen, wie es einst f\u00fcr mich war \u2013 ein Ort voller Wunder und Abenteuer \u2013 und wie es heute ist.<\/p>\n\n\n\n<p>Lass uns gemeinsam in Erinnerungen schwelgen und die Gegenwart feiern:<\/p>\n\n\n\n<figure class=\"wp-block-gallery has-nested-images columns-default is-cropped wp-block-gallery-4 is-layout-flex wp-block-gallery-is-layout-flex\">\n<figure class=\"wp-block-image size-large\"><img loading=\"lazy\" decoding=\"async\" width=\"1024\" height=\"1024\" data-id=\"535\" src=\"https:\/\/thereswilli.ch\/wp-content\/uploads\/2024\/05\/1-1-1024x1024.jpg\" alt=\"\" class=\"wp-image-535\" srcset=\"https:\/\/thereswilli.ch\/wp-content\/uploads\/2024\/05\/1-1-1024x1024.jpg 1024w, https:\/\/thereswilli.ch\/wp-content\/uploads\/2024\/05\/1-1-450x450.jpg 450w, https:\/\/thereswilli.ch\/wp-content\/uploads\/2024\/05\/1-1-100x100.jpg 100w, https:\/\/thereswilli.ch\/wp-content\/uploads\/2024\/05\/1-1-600x600.jpg 600w, https:\/\/thereswilli.ch\/wp-content\/uploads\/2024\/05\/1-1-300x300.jpg 300w, https:\/\/thereswilli.ch\/wp-content\/uploads\/2024\/05\/1-1-150x150.jpg 150w, https:\/\/thereswilli.ch\/wp-content\/uploads\/2024\/05\/1-1-768x768.jpg 768w, https:\/\/thereswilli.ch\/wp-content\/uploads\/2024\/05\/1-1.jpg 1080w\" sizes=\"auto, (max-width: 1024px) 100vw, 1024px\" \/><\/figure>\n\n\n\n<figure class=\"wp-block-image size-large\"><img loading=\"lazy\" decoding=\"async\" width=\"1024\" height=\"1024\" data-id=\"536\" src=\"https:\/\/thereswilli.ch\/wp-content\/uploads\/2024\/05\/2-1024x1024.jpg\" alt=\"\" class=\"wp-image-536\" srcset=\"https:\/\/thereswilli.ch\/wp-content\/uploads\/2024\/05\/2-1024x1024.jpg 1024w, https:\/\/thereswilli.ch\/wp-content\/uploads\/2024\/05\/2-450x450.jpg 450w, https:\/\/thereswilli.ch\/wp-content\/uploads\/2024\/05\/2-100x100.jpg 100w, https:\/\/thereswilli.ch\/wp-content\/uploads\/2024\/05\/2-600x600.jpg 600w, https:\/\/thereswilli.ch\/wp-content\/uploads\/2024\/05\/2-300x300.jpg 300w, https:\/\/thereswilli.ch\/wp-content\/uploads\/2024\/05\/2-150x150.jpg 150w, https:\/\/thereswilli.ch\/wp-content\/uploads\/2024\/05\/2-768x768.jpg 768w, https:\/\/thereswilli.ch\/wp-content\/uploads\/2024\/05\/2.jpg 1080w\" sizes=\"auto, (max-width: 1024px) 100vw, 1024px\" \/><\/figure>\n<\/figure>\n\n\n\n<p><strong>April 2024<\/strong><br>Vom Juni bis August darf ich meine Bilder im Rathaus Sargans ausstellen. <br>Stefan Kohler betreut und organisiert die Ausstellungsreihe. Wenn du mehr erfahren m\u00f6chtest: <a href=\"https:\/\/www.sargans.ch\/kultur\/25823\">Sargans &#8211; Kunst im Rathaus<\/a><\/p>\n\n\n\n<p>Mein Thema &#8211; sehr einfallsreich &#8211; &#8220;mein Sargans&#8221; ^_^<br>Die Motivsuche gestaltet sich spannend und beim Zeichnen werden viele Erinnerungen geweckt.<\/p>\n\n\n\n<figure class=\"wp-block-image size-large\"><img loading=\"lazy\" decoding=\"async\" width=\"1024\" height=\"570\" src=\"https:\/\/thereswilli.ch\/wp-content\/uploads\/2024\/04\/IMG_20240225_0909122-1024x570.jpg\" alt=\"\" class=\"wp-image-531\" srcset=\"https:\/\/thereswilli.ch\/wp-content\/uploads\/2024\/04\/IMG_20240225_0909122-1024x570.jpg 1024w, https:\/\/thereswilli.ch\/wp-content\/uploads\/2024\/04\/IMG_20240225_0909122-scaled-600x334.jpg 600w, https:\/\/thereswilli.ch\/wp-content\/uploads\/2024\/04\/IMG_20240225_0909122-300x167.jpg 300w, https:\/\/thereswilli.ch\/wp-content\/uploads\/2024\/04\/IMG_20240225_0909122-768x428.jpg 768w, https:\/\/thereswilli.ch\/wp-content\/uploads\/2024\/04\/IMG_20240225_0909122-1536x855.jpg 1536w, https:\/\/thereswilli.ch\/wp-content\/uploads\/2024\/04\/IMG_20240225_0909122-2048x1140.jpg 2048w\" sizes=\"auto, (max-width: 1024px) 100vw, 1024px\" \/><\/figure>\n\n\n\n<p><strong>Vergangene Ausstellungen<\/strong><\/p>\n\n\n\n<p>In der Schalterhalle der Raiffeisenbank Obertoggenburg in Alt St. Johann bis Mitte Januar 2024.<\/p>\n\n\n\n<figure class=\"wp-block-image size-large\"><img loading=\"lazy\" decoding=\"async\" width=\"724\" height=\"1024\" src=\"https:\/\/thereswilli.ch\/wp-content\/uploads\/2023\/10\/Flyer-Ausstellung-724x1024.jpg\" alt=\"\" class=\"wp-image-497\" srcset=\"https:\/\/thereswilli.ch\/wp-content\/uploads\/2023\/10\/Flyer-Ausstellung-724x1024.jpg 724w, https:\/\/thereswilli.ch\/wp-content\/uploads\/2023\/10\/Flyer-Ausstellung-600x849.jpg 600w, https:\/\/thereswilli.ch\/wp-content\/uploads\/2023\/10\/Flyer-Ausstellung-212x300.jpg 212w, https:\/\/thereswilli.ch\/wp-content\/uploads\/2023\/10\/Flyer-Ausstellung-768x1086.jpg 768w, https:\/\/thereswilli.ch\/wp-content\/uploads\/2023\/10\/Flyer-Ausstellung-1086x1536.jpg 1086w, https:\/\/thereswilli.ch\/wp-content\/uploads\/2023\/10\/Flyer-Ausstellung.jpg 1414w\" sizes=\"auto, (max-width: 724px) 100vw, 724px\" \/><\/figure>\n\n\n\n<p>25. Oktober 2023<br>Einen Nachmittag lang sortiert und aufgeh\u00e4ngt. Bei manchen Bildern hat der Platz sofort gepasst, andere wurden wieder runtergenommen und neu sortiert. Ja, manchmal dauert es ein bisschen l\u00e4nger \ud83d\ude09<br><br>Mit viel Freude darf ich euch meine Bilder, meine Tr\u00e4ume und mein Handwerk zeigen. Kommt vorbei, guckt und vielleicht findet ihr noch ein Weihnachtsgeschenk.<\/p>\n\n\n\n<figure class=\"wp-block-gallery has-nested-images columns-default is-cropped wp-block-gallery-5 is-layout-flex wp-block-gallery-is-layout-flex\">\n<figure class=\"wp-block-image size-large\"><img loading=\"lazy\" decoding=\"async\" width=\"768\" height=\"1024\" data-id=\"515\" src=\"https:\/\/thereswilli.ch\/wp-content\/uploads\/2023\/10\/IMG_20231025_163906-768x1024.jpg\" alt=\"\" class=\"wp-image-515\" srcset=\"https:\/\/thereswilli.ch\/wp-content\/uploads\/2023\/10\/IMG_20231025_163906-768x1024.jpg 768w, https:\/\/thereswilli.ch\/wp-content\/uploads\/2023\/10\/IMG_20231025_163906-scaled-600x800.jpg 600w, https:\/\/thereswilli.ch\/wp-content\/uploads\/2023\/10\/IMG_20231025_163906-225x300.jpg 225w, https:\/\/thereswilli.ch\/wp-content\/uploads\/2023\/10\/IMG_20231025_163906-1152x1536.jpg 1152w, https:\/\/thereswilli.ch\/wp-content\/uploads\/2023\/10\/IMG_20231025_163906-1536x2048.jpg 1536w, https:\/\/thereswilli.ch\/wp-content\/uploads\/2023\/10\/IMG_20231025_163906-scaled.jpg 1920w\" sizes=\"auto, (max-width: 768px) 100vw, 768px\" \/><\/figure>\n<\/figure>\n\n\n\n<p>Ende Januar 2024<br>Herzlichen Dank an alle Besucher, Freunde, Bekannte, f\u00fcr all die ermunterten Worte, Gl\u00fcckw\u00fcnsche und die Hilfe.<br>Herzlichen Dank an die Raiffeisenbank Alt St. Johann f\u00fcr die M\u00f6glichkeit, die Gespr\u00e4che und die Zeit.<br>Herzlichen Dank an alle K\u00e4ufer. Es bedeutet mir viel, dass meine Kunst euer Zuhause schm\u00fccken darf. Dass die Karten auf Reisen gehen und ein L\u00e4cheln ins Gesicht der Empf\u00e4nger zaubert.<br>Herzlichen Dank an die Lokalhelden im Obertoggenburg f\u00fcr die Rehkitzrettung. Ein wichtiges und wunderbares Projekt, dass ich mit einem Teil meines Erl\u00f6ses unterst\u00fctzen durfte.<\/p>\n\n\n\n<p><a href=\"https:\/\/www.raiffeisen.ch\/obertoggenburg\/de\/ueber-uns\/news\/rb\/landschaft-und-brauchtum-in-farbe-auf-der-leinwand.html\">Landschaft und Brauchtum in Farbe auf Leinwand (raiffeisen.ch)<\/a><\/p>\n\n\n\n<figure class=\"wp-block-gallery has-nested-images columns-default is-cropped wp-block-gallery-6 is-layout-flex wp-block-gallery-is-layout-flex\">\n<figure class=\"wp-block-image size-large\"><img loading=\"lazy\" decoding=\"async\" width=\"1024\" height=\"1024\" data-id=\"529\" src=\"https:\/\/thereswilli.ch\/wp-content\/uploads\/2024\/04\/rbausstellung1-1-1024x1024.jpg\" alt=\"\" class=\"wp-image-529\" srcset=\"https:\/\/thereswilli.ch\/wp-content\/uploads\/2024\/04\/rbausstellung1-1-1024x1024.jpg 1024w, https:\/\/thereswilli.ch\/wp-content\/uploads\/2024\/04\/rbausstellung1-1-scaled-450x450.jpg 450w, https:\/\/thereswilli.ch\/wp-content\/uploads\/2024\/04\/rbausstellung1-1-scaled-100x100.jpg 100w, https:\/\/thereswilli.ch\/wp-content\/uploads\/2024\/04\/rbausstellung1-1-scaled-600x600.jpg 600w, https:\/\/thereswilli.ch\/wp-content\/uploads\/2024\/04\/rbausstellung1-1-300x300.jpg 300w, https:\/\/thereswilli.ch\/wp-content\/uploads\/2024\/04\/rbausstellung1-1-150x150.jpg 150w, https:\/\/thereswilli.ch\/wp-content\/uploads\/2024\/04\/rbausstellung1-1-768x768.jpg 768w, https:\/\/thereswilli.ch\/wp-content\/uploads\/2024\/04\/rbausstellung1-1-1536x1536.jpg 1536w, https:\/\/thereswilli.ch\/wp-content\/uploads\/2024\/04\/rbausstellung1-1-2048x2048.jpg 2048w\" sizes=\"auto, (max-width: 1024px) 100vw, 1024px\" \/><\/figure>\n\n\n\n<figure class=\"wp-block-image size-large\"><img loading=\"lazy\" decoding=\"async\" width=\"1024\" height=\"768\" data-id=\"530\" src=\"https:\/\/thereswilli.ch\/wp-content\/uploads\/2024\/04\/rbausstellung2-1024x768.jpg\" alt=\"\" class=\"wp-image-530\" srcset=\"https:\/\/thereswilli.ch\/wp-content\/uploads\/2024\/04\/rbausstellung2-1024x768.jpg 1024w, https:\/\/thereswilli.ch\/wp-content\/uploads\/2024\/04\/rbausstellung2-scaled-600x450.jpg 600w, https:\/\/thereswilli.ch\/wp-content\/uploads\/2024\/04\/rbausstellung2-300x225.jpg 300w, https:\/\/thereswilli.ch\/wp-content\/uploads\/2024\/04\/rbausstellung2-768x576.jpg 768w, https:\/\/thereswilli.ch\/wp-content\/uploads\/2024\/04\/rbausstellung2-1536x1152.jpg 1536w, https:\/\/thereswilli.ch\/wp-content\/uploads\/2024\/04\/rbausstellung2-2048x1536.jpg 2048w\" sizes=\"auto, (max-width: 1024px) 100vw, 1024px\" \/><\/figure>\n<\/figure>\n","protected":false},"excerpt":{"rendered":"<p>8. M\u00e4rz 2026Gestern war der Fr\u00fchlingsmarkt in Gams. Ich war so nerv\u00f6s vor meinem ersten, offiziellen Markttag. Zu oft bin ich wieder aufgestanden, um noch etwas bereitzulegen, damit ich es am Morgen mitnehme. (Die Karten von Theodora habe ich schlussendlich tats\u00e4chlich vergessen.) Was war das f\u00fcr ein wundervoller, sonniger, wuseliger, gespr\u00e4chiger und langer Tag.Danke an [&hellip;]<\/p>\n","protected":false},"author":1,"featured_media":0,"parent":0,"menu_order":0,"comment_status":"closed","ping_status":"closed","template":"","meta":{"footnotes":""},"class_list":["post-496","page","type-page","status-publish","hentry"],"jetpack_sharing_enabled":true,"_links":{"self":[{"href":"https:\/\/thereswilli.ch\/index.php?rest_route=\/wp\/v2\/pages\/496","targetHints":{"allow":["GET"]}}],"collection":[{"href":"https:\/\/thereswilli.ch\/index.php?rest_route=\/wp\/v2\/pages"}],"about":[{"href":"https:\/\/thereswilli.ch\/index.php?rest_route=\/wp\/v2\/types\/page"}],"author":[{"embeddable":true,"href":"https:\/\/thereswilli.ch\/index.php?rest_route=\/wp\/v2\/users\/1"}],"replies":[{"embeddable":true,"href":"https:\/\/thereswilli.ch\/index.php?rest_route=%2Fwp%2Fv2%2Fcomments&post=496"}],"version-history":[{"count":15,"href":"https:\/\/thereswilli.ch\/index.php?rest_route=\/wp\/v2\/pages\/496\/revisions"}],"predecessor-version":[{"id":1509,"href":"https:\/\/thereswilli.ch\/index.php?rest_route=\/wp\/v2\/pages\/496\/revisions\/1509"}],"wp:attachment":[{"href":"https:\/\/thereswilli.ch\/index.php?rest_route=%2Fwp%2Fv2%2Fmedia&parent=496"}],"curies":[{"name":"wp","href":"https:\/\/api.w.org\/{rel}","templated":true}]}}